{"id":1381,"date":"2023-07-05T07:17:20","date_gmt":"2023-07-05T07:17:20","guid":{"rendered":"https:\/\/autoescoles.grupintec.com\/inscripcio-premia-de-mar\/"},"modified":"2023-08-08T09:11:55","modified_gmt":"2023-08-08T09:11:55","slug":"inscripcio-premia-de-mar","status":"publish","type":"page","link":"https:\/\/autoescoles.grupintec.com\/ca\/inscripcio-premia-de-mar\/","title":{"rendered":"Inscripci\u00f3 Premi\u00e0 de Mar"},"content":{"rendered":"\n<style type=\"text\/css\" data-created_by=\"avia_inline_auto\" id=\"style-css-av-7hg00-c286da8e77fa643d3dc245c9d3d6cfa9\">\n.avia-section.av-7hg00-c286da8e77fa643d3dc245c9d3d6cfa9{\nbackground-repeat:no-repeat;\nbackground-image:url(https:\/\/autoescoles.grupintec.com\/wp-content\/uploads\/2023\/06\/banner.jpg);\nbackground-position:50% 50%;\nbackground-attachment:scroll;\nposition:relative;\n}\n.avia-section.av-7hg00-c286da8e77fa643d3dc245c9d3d6cfa9 .av-section-color-overlay{\nopacity:0.5;\nbackground-color:#000000;\n}\n.avia-section.av-7hg00-c286da8e77fa643d3dc245c9d3d6cfa9 .avia-divider-svg-top svg{\nheight:30px;\nwidth:calc(100% + 1.3px);\nfill:#ffffff;\n}\n.avia-section.av-7hg00-c286da8e77fa643d3dc245c9d3d6cfa9 .avia-divider-svg-bottom svg{\nheight:30px;\nwidth:calc(100% + 1.3px);\nfill:#ff0000;\n}\n<\/style>\n<div id='av_section_1'  class='avia-section av-7hg00-c286da8e77fa643d3dc245c9d3d6cfa9 main_color avia-section-default avia-no-border-styling  avia-builder-el-0  el_before_av_one_half  avia-builder-el-first  avia-full-stretch avia-bg-style-scroll av-section-color-overlay-active av-minimum-height av-minimum-height-25 av-height-25  container_wrap fullsize'  data-section-bg-repeat='stretch' data-av_minimum_height_pc='25' data-av_min_height_opt='25'><div class='avia-divider-svg avia-divider-svg-mountains avia-divider-svg-top avia-flipped-svg avia-svg-original'><svg xmlns=\"http:\/\/www.w3.org\/2000\/svg\" viewBox=\"0 0 1000 100\" preserveAspectRatio=\"none\">\n\t<path opacity=\"0.33\" d=\"M473,67.3c-203.9,88.3-263.1-34-320.3,0C66,119.1,0,59.7,0,59.7V0h1000v59.7 c0,0-62.1,26.1-94.9,29.3c-32.8,3.3-62.8-12.3-75.8-22.1C806,49.6,745.3,8.7,694.9,4.7S492.4,59,473,67.3z\"\/>\n\t<path opacity=\"0.66\" d=\"M734,67.3c-45.5,0-77.2-23.2-129.1-39.1c-28.6-8.7-150.3-10.1-254,39.1 s-91.7-34.4-149.2,0C115.7,118.3,0,39.8,0,39.8V0h1000v36.5c0,0-28.2-18.5-92.1-18.5C810.2,18.1,775.7,67.3,734,67.3z\"\/>\n\t<path d=\"M766.1,28.9c-200-57.5-266,65.5-395.1,19.5C242,1.8,242,5.4,184.8,20.6C128,35.8,132.3,44.9,89.9,52.5C28.6,63.7,0,0,0,0 h1000c0,0-9.9,40.9-83.6,48.1S829.6,47,766.1,28.9z\"\/>\n<\/svg><\/div><div class='avia-divider-svg avia-divider-svg-mountains avia-divider-svg-bottom avia-flipped-svg avia-svg-original'><svg xmlns=\"http:\/\/www.w3.org\/2000\/svg\" viewBox=\"0 0 1000 100\" preserveAspectRatio=\"none\">\n\t<path opacity=\"0.33\" d=\"M473,67.3c-203.9,88.3-263.1-34-320.3,0C66,119.1,0,59.7,0,59.7V0h1000v59.7 c0,0-62.1,26.1-94.9,29.3c-32.8,3.3-62.8-12.3-75.8-22.1C806,49.6,745.3,8.7,694.9,4.7S492.4,59,473,67.3z\"\/>\n\t<path opacity=\"0.66\" d=\"M734,67.3c-45.5,0-77.2-23.2-129.1-39.1c-28.6-8.7-150.3-10.1-254,39.1 s-91.7-34.4-149.2,0C115.7,118.3,0,39.8,0,39.8V0h1000v36.5c0,0-28.2-18.5-92.1-18.5C810.2,18.1,775.7,67.3,734,67.3z\"\/>\n\t<path d=\"M766.1,28.9c-200-57.5-266,65.5-395.1,19.5C242,1.8,242,5.4,184.8,20.6C128,35.8,132.3,44.9,89.9,52.5C28.6,63.7,0,0,0,0 h1000c0,0-9.9,40.9-83.6,48.1S829.6,47,766.1,28.9z\"\/>\n<\/svg><\/div><div class=\"av-section-color-overlay-wrap\"><div class=\"av-section-color-overlay\"><\/div><div class='container av-section-cont-open' ><main  role=\"main\" itemprop=\"mainContentOfPage\"  class='template-page content  av-content-full alpha units'><div class='post-entry post-entry-type-page post-entry-1381'><div class='entry-content-wrapper clearfix'>\n\n<style type=\"text\/css\" data-created_by=\"avia_inline_auto\" id=\"style-css-av-is4in4-8a6def8faf8bcf3d12d62a4725fb14be\">\n.flex_column.av-is4in4-8a6def8faf8bcf3d12d62a4725fb14be{\nborder-radius:0px 0px 0px 0px;\npadding:0px 0px 0px 0px;\n}\n<\/style>\n<div  class='flex_column av-is4in4-8a6def8faf8bcf3d12d62a4725fb14be av_three_fifth  avia-builder-el-1  avia-builder-el-no-sibling  first flex_column_div av-animated-generic left-to-right av-zero-column-padding  '     ><style type=\"text\/css\" data-created_by=\"avia_inline_auto\" id=\"style-css-av-hqepgw-b2e7a528b05e3200b039331fcde15089\">\n#top .av-special-heading.av-hqepgw-b2e7a528b05e3200b039331fcde15089{\npadding-bottom:0;\ncolor:#ffffff;\n}\nbody .av-special-heading.av-hqepgw-b2e7a528b05e3200b039331fcde15089 .av-special-heading-tag .heading-char{\nfont-size:25px;\n}\n.av-special-heading.av-hqepgw-b2e7a528b05e3200b039331fcde15089 .special-heading-inner-border{\nborder-color:#ffffff;\n}\n.av-special-heading.av-hqepgw-b2e7a528b05e3200b039331fcde15089 .av-subheading{\nfont-size:15px;\n}\n<\/style>\n<div  class='av-special-heading av-hqepgw-b2e7a528b05e3200b039331fcde15089 av-special-heading-h1 custom-color-heading blockquote modern-quote  avia-builder-el-2  avia-builder-el-no-sibling '><h1 class='av-special-heading-tag '  itemprop=\"headline\"  >A punt per fer el seg\u00fcent pas en el teu aprenentatge? <\/h1><div class='av_custom_color av-subheading av-subheading_below'><p>Els nostres packs i cursos estan dissenyats per oferir coneixements i habilitats de qualitat<\/p>\n<\/div><div class=\"special-heading-border\"><div class=\"special-heading-inner-border\"><\/div><\/div><\/div><\/div>\n<\/div><\/div><\/main><!-- close content main element --><\/div><\/div><\/div><div id='after_section_1'  class='main_color av_default_container_wrap container_wrap fullsize'  ><div class='container av-section-cont-open' ><div class='template-page content  av-content-full alpha units'><div class='post-entry post-entry-type-page post-entry-1381'><div class='entry-content-wrapper clearfix'>\n<div class='flex_column_table av-fuoneo-4426f4e50f5a869b3c167eeea03fba60 sc-av_one_half av-equal-height-column-flextable'>\n<style type=\"text\/css\" data-created_by=\"avia_inline_auto\" id=\"style-css-av-fuoneo-4426f4e50f5a869b3c167eeea03fba60\">\n.flex_column.av-fuoneo-4426f4e50f5a869b3c167eeea03fba60{\nborder-radius:0px 0px 0px 0px;\npadding:0px 0px 0px 0px;\n}\n<\/style>\n<div  class='flex_column av-fuoneo-4426f4e50f5a869b3c167eeea03fba60 av_one_half  avia-builder-el-3  el_after_av_section  el_before_av_one_half  avia-builder-el-first  first flex_column_table_cell av-equal-height-column av-align-top av-animated-generic bottom-to-top av-zero-column-padding  '     ><p>\n<style type=\"text\/css\" data-created_by=\"avia_inline_auto\" id=\"style-css-av-ljpdxqi4-815d2eec60fac2657c603c55810b9e35\">\n.iconbox.av-ljpdxqi4-815d2eec60fac2657c603c55810b9e35 .iconbox_icon{\nborder:1px solid #ffffff;\ncolor:#ff6363;\n}\n#top #wrap_all .iconbox.av-ljpdxqi4-815d2eec60fac2657c603c55810b9e35 .iconbox_content_title{\nfont-size:18px;\n}\n\n@media only screen and (min-width: 990px){ \n#top #wrap_all .iconbox.av-ljpdxqi4-815d2eec60fac2657c603c55810b9e35 .iconbox_content_title{\nfont-size:18px;\n}\n}\n\n@media only screen and (min-width: 768px) and (max-width: 989px){ \n#top #wrap_all .iconbox.av-ljpdxqi4-815d2eec60fac2657c603c55810b9e35 .iconbox_content_title{\nfont-size:18px;\n}\n}\n\n@media only screen and (min-width: 480px) and (max-width: 767px){ \n#top #wrap_all .iconbox.av-ljpdxqi4-815d2eec60fac2657c603c55810b9e35 .iconbox_content_title{\nfont-size:18px;\n}\n}\n\n@media only screen and (max-width: 479px){ \n#top #wrap_all .iconbox.av-ljpdxqi4-815d2eec60fac2657c603c55810b9e35 .iconbox_content_title{\nfont-size:18px;\n}\n}\n<\/style>\n<article  class='iconbox iconbox_left_content av-ljpdxqi4-815d2eec60fac2657c603c55810b9e35  avia-builder-el-4  el_before_av_icon_box  avia-builder-el-first '  itemscope=\"itemscope\" itemtype=\"https:\/\/schema.org\/CreativeWork\" ><div class=\"iconbox_icon heading-color\" aria-hidden='true' data-av_icon='\ue842' data-av_iconfont='entypo-fontello'><\/div><div class=\"iconbox_content\"><header class=\"entry-content-header\" aria-label=\"Icon: Premi\u00e0 de Mar \"><h3 class='iconbox_content_title '  itemprop=\"headline\" >Premi\u00e0 de Mar <\/h3><\/header><div class='iconbox_content_container '  itemprop=\"text\" ><p>Gran Via de Llu\u00eds Companys 106, 08330 Premi\u00e0 de Mar, Barcelona<\/p>\n<\/div><\/div><footer class=\"entry-footer\"><\/footer><\/article><br \/>\n\n<style type=\"text\/css\" data-created_by=\"avia_inline_auto\" id=\"style-css-av-ljpdx0gp-bf66d617b9f52e1d168491910e376664\">\n.iconbox.av-ljpdx0gp-bf66d617b9f52e1d168491910e376664 .iconbox_icon{\nborder:1px solid #ffffff;\ncolor:#ff6363;\n}\n#top #wrap_all .iconbox.av-ljpdx0gp-bf66d617b9f52e1d168491910e376664 .iconbox_content_title{\nfont-size:18px;\n}\n\n@media only screen and (min-width: 990px){ \n#top #wrap_all .iconbox.av-ljpdx0gp-bf66d617b9f52e1d168491910e376664 .iconbox_content_title{\nfont-size:18px;\n}\n}\n\n@media only screen and (min-width: 768px) and (max-width: 989px){ \n#top #wrap_all .iconbox.av-ljpdx0gp-bf66d617b9f52e1d168491910e376664 .iconbox_content_title{\nfont-size:18px;\n}\n}\n\n@media only screen and (min-width: 480px) and (max-width: 767px){ \n#top #wrap_all .iconbox.av-ljpdx0gp-bf66d617b9f52e1d168491910e376664 .iconbox_content_title{\nfont-size:18px;\n}\n}\n\n@media only screen and (max-width: 479px){ \n#top #wrap_all .iconbox.av-ljpdx0gp-bf66d617b9f52e1d168491910e376664 .iconbox_content_title{\nfont-size:18px;\n}\n}\n<\/style>\n<article  class='iconbox iconbox_left_content av-ljpdx0gp-bf66d617b9f52e1d168491910e376664  avia-builder-el-5  el_after_av_icon_box  el_before_av_icon_box '  itemscope=\"itemscope\" itemtype=\"https:\/\/schema.org\/CreativeWork\" ><div class=\"iconbox_icon heading-color\" aria-hidden='true' data-av_icon='\ue805' data-av_iconfont='entypo-fontello'><\/div><div class=\"iconbox_content\"><header class=\"entry-content-header\" aria-label=\"Icon: Correu electr\u00f2nic \"><h3 class='iconbox_content_title '  itemprop=\"headline\" >Correu electr\u00f2nic <\/h3><\/header><div class='iconbox_content_container '  itemprop=\"text\" ><p>premia@grupintec.com<\/p>\n<\/div><\/div><footer class=\"entry-footer\"><\/footer><\/article><br \/>\n\n<style type=\"text\/css\" data-created_by=\"avia_inline_auto\" id=\"style-css-av-ljpdy3xp-98fa97d2cf509f01f6aac476b66393df\">\n.iconbox.av-ljpdy3xp-98fa97d2cf509f01f6aac476b66393df .iconbox_icon{\nborder:1px solid #ffffff;\ncolor:#ff6363;\n}\n#top #wrap_all .iconbox.av-ljpdy3xp-98fa97d2cf509f01f6aac476b66393df .iconbox_content_title{\nfont-size:18px;\n}\n\n@media only screen and (min-width: 990px){ \n#top #wrap_all .iconbox.av-ljpdy3xp-98fa97d2cf509f01f6aac476b66393df .iconbox_content_title{\nfont-size:18px;\n}\n}\n\n@media only screen and (min-width: 768px) and (max-width: 989px){ \n#top #wrap_all .iconbox.av-ljpdy3xp-98fa97d2cf509f01f6aac476b66393df .iconbox_content_title{\nfont-size:18px;\n}\n}\n\n@media only screen and (min-width: 480px) and (max-width: 767px){ \n#top #wrap_all .iconbox.av-ljpdy3xp-98fa97d2cf509f01f6aac476b66393df .iconbox_content_title{\nfont-size:18px;\n}\n}\n\n@media only screen and (max-width: 479px){ \n#top #wrap_all .iconbox.av-ljpdy3xp-98fa97d2cf509f01f6aac476b66393df .iconbox_content_title{\nfont-size:18px;\n}\n}\n<\/style>\n<article  class='iconbox iconbox_left_content av-ljpdy3xp-98fa97d2cf509f01f6aac476b66393df  avia-builder-el-6  el_after_av_icon_box  el_before_av_social_share '  itemscope=\"itemscope\" itemtype=\"https:\/\/schema.org\/CreativeWork\" ><div class=\"iconbox_icon heading-color\" aria-hidden='true' data-av_icon='\ue854' data-av_iconfont='entypo-fontello'><\/div><div class=\"iconbox_content\"><header class=\"entry-content-header\" aria-label=\"Icon: Tel\u00e8fon\"><h3 class='iconbox_content_title '  itemprop=\"headline\" >Tel\u00e8fon<\/h3><\/header><div class='iconbox_content_container '  itemprop=\"text\" ><p>Premi\u00e0 de Mar: 937 548 466<\/p>\n<\/div><\/div><footer class=\"entry-footer\"><\/footer><\/article><br \/>\n<div  class='av-social-sharing-box av-ea9tu8-c90b8e16a35995be81a2d879064b5b60 av-social-sharing-box-default  avia-builder-el-7  el_after_av_icon_box  avia-builder-el-last  av-social-sharing-box-fullwidth'><div class=\"av-share-box\"><h5 class='av-share-link-description av-no-toc '>Segueix-nos a les Xarxes Socials<\/h5><ul class=\"av-share-box-list noLightbox\"><li class='av-share-link av-social-link-facebook' ><a target=\"_blank\" aria-label=\"Compartir a Facebook\" href='https:\/\/www.facebook.com\/sharer.php?u=https:\/\/autoescoles.grupintec.com\/ca\/inscripcio-premia-de-mar\/&#038;t=Inscripci%C3%B3%20Premi%C3%A0%20de%20Mar' aria-hidden='false' data-av_icon='\ue8f3' data-av_iconfont='entypo-fontello' title='' data-avia-related-tooltip='Compartir a Facebook' rel=\"noopener\"><span class='avia_hidden_link_text'>Compartir a Facebook<\/span><\/a><\/li><li class='av-share-link av-social-link-instagram' ><a target=\"_blank\" aria-label=\"Link to Instagram\" href='https:\/\/www.instagram.com\/grupautoescoles\/' aria-hidden='false' data-av_icon='\uf16d' data-av_iconfont='entypo-fontello' title='' data-avia-related-tooltip='Link to Instagram' rel=\"noopener\"><span class='avia_hidden_link_text'>Link to Instagram<\/span><\/a><\/li><\/ul><\/div><\/div><\/p><\/div><div class='av-flex-placeholder'><\/div>\n<style type=\"text\/css\" data-created_by=\"avia_inline_auto\" id=\"style-css-av-bzx5g0-659b031414a252f167915f7bed73c8f3\">\n.flex_column.av-bzx5g0-659b031414a252f167915f7bed73c8f3{\nborder-radius:0px 0px 0px 0px;\npadding:0px 0px 0px 0px;\n}\n<\/style>\n<div  class='flex_column av-bzx5g0-659b031414a252f167915f7bed73c8f3 av_one_half  avia-builder-el-8  el_after_av_one_half  el_before_av_google_map  avia-builder-el-last  flex_column_table_cell av-equal-height-column av-align-top av-animated-generic bottom-to-top av-zero-column-padding  '     ><p>\n<style type=\"text\/css\" data-created_by=\"avia_inline_auto\" id=\"style-css-av-acob1c-d901e3550150942fa61a22ddde397425\">\n#top .av-special-heading.av-acob1c-d901e3550150942fa61a22ddde397425{\npadding-bottom:10px;\n}\nbody .av-special-heading.av-acob1c-d901e3550150942fa61a22ddde397425 .av-special-heading-tag .heading-char{\nfont-size:25px;\n}\n.av-special-heading.av-acob1c-d901e3550150942fa61a22ddde397425 .av-subheading{\nfont-size:15px;\n}\n<\/style>\n<div  class='av-special-heading av-acob1c-d901e3550150942fa61a22ddde397425 av-special-heading-h2 blockquote modern-quote  avia-builder-el-9  el_before_av_textblock  avia-builder-el-first '><h2 class='av-special-heading-tag '  itemprop=\"headline\"  >Si vols inscriure\u2019t<\/h2><div class=\"special-heading-border\"><div class=\"special-heading-inner-border\"><\/div><\/div><\/div><br \/>\n<section  class='av_textblock_section av-9ij4og-94712a8dbe46841ac4ac7d3e90cf3ee6 '   itemscope=\"itemscope\" itemtype=\"https:\/\/schema.org\/CreativeWork\" ><div class='avia_textblock'  itemprop=\"text\" ><p>Simplement completa el formulari i ens posarem en contacte amb tu per resoldre els teus dubtes i guiar-te al proc\u00e9s d&#8217;inscripci\u00f3.<\/p>\n<\/div><\/section><br \/>\n<form action=\"https:\/\/autoescoles.grupintec.com\/ca\/inscripcio-premia-de-mar\/\" method=\"post\" data-fields-with-error=\"Found errors in the following field(s):\" class=\"avia_ajax_form av-form-labels-hidden   avia-builder-el-11  el_after_av_textblock  avia-builder-el-last   \" data-avia-form-id=\"1\" data-avia-redirect='' ><fieldset><p class='  first_form  form_element form_element_third' id='element_avia_1_1'><label for=\"avia_1_1\">Nom  <abbr class=\"required\" title=\"obligatori\">*<\/abbr><\/label> <input name=\"avia_1_1\" class=\"text_input is_empty\" type=\"text\" id=\"avia_1_1\" value=\"\"  placeholder='Nom *'\/><\/p><p class='  form_element form_element_third' id='element_avia_2_1'><label for=\"avia_2_1\">E-Mail <abbr class=\"required\" title=\"obligatori\">*<\/abbr><\/label> <input name=\"avia_2_1\" class=\"text_input is_empty\" type=\"text\" id=\"avia_2_1\" value=\"\"  placeholder='E-Mail*'\/><\/p><p class='  form_element form_element_third' id='element_avia_3_1'><label for=\"avia_3_1\">Tel\u00e8fon <abbr class=\"required\" title=\"obligatori\">*<\/abbr><\/label> <input name=\"avia_3_1\" class=\"text_input is_phone\" type=\"text\" id=\"avia_3_1\" value=\"\"  placeholder='Tel\u00e8fon*'\/><\/p><p class='  first_form  form_element form_fullwidth' id='element_avia_4_1'><label for=\"avia_4_1\" class=\"textare_label hidden textare_label_avia_4_1\">A quin curs o pack est\u00e0s interessat\/da? <abbr class=\"required\" title=\"obligatori\">*<\/abbr><\/label><textarea  placeholder='A quin curs o pack est\u00e0s interessat\/da?*' name=\"avia_4_1\" class=\"text_area is_empty\" cols=\"40\" rows=\"7\" id=\"avia_4_1\" ><\/textarea><\/p><p class=\"hidden\"><input type=\"text\" name=\"avia_5_1\" class=\"hidden \" id=\"avia_5_1\" value=\"\" \/><\/p><p class=' av_form_privacy_check av_contact_privacy_check first_form  form_element form_fullwidth' id='element_avia_6_1'><input  name=\"avia_6_1\" class=\"input_checkbox is_empty\" type=\"checkbox\" id=\"avia_6_1\" value=\"true\"\/><label class=\"input_checkbox_label\" for=\"avia_6_1\">Accepto els termes i condicions establerts a la <a href='https:\/\/autoescoles.grupintec.com\/privacy-policy\/' target='_blank' rel=\"noopener\">Pol\u00edtica de privadesa<\/a> <abbr class=\"required\" title=\"obligatori\">*<\/abbr><\/label><\/p><p class=\"form_element \"><input type=\"hidden\" value=\"1\" name=\"avia_generated_form1\" \/><input type=\"submit\" value=\"Enviar\" class=\"button\"  data-sending-label=\"Enviant\"\/><\/p><\/fieldset><\/form><div id=\"ajaxresponse_1\" class=\"ajaxresponse ajaxresponse_1 hidden\"><\/div><\/p><\/div><\/div><!--close column table wrapper. Autoclose: 1 --><div  class='av_gmaps_sc_main_wrap av_gmaps_main_wrap '><div id='av_gmap_0' class='avia-google-map-container avia-google-map-sc av_gmaps_show_unconditionally av-no-fallback-img ' data-mapid='av_gmap_0'  style='height: 400px;'><a class=\"av_gmaps_browser_disabled av_text_confirm_link av_text_confirm_link_visible\" href=\"https:\/\/www.google.com\/maps\/search\/?api=1&#038;query=Gran%20Via%20de%20Llu\u00eds%20Companys%20106,%2008330%20Premi\u00e0%20de%20Mar%20%20Barcelona%20%20Espanya\" target=\"_blank\" rel=\"noopener\">Maps were disabled by the visitor on this site. Click to open the map in a new window.<\/a><\/div><\/div><\/p>\n","protected":false},"excerpt":{"rendered":"","protected":false},"author":1,"featured_media":0,"parent":0,"menu_order":0,"comment_status":"closed","ping_status":"closed","template":"","meta":{"footnotes":""},"class_list":["post-1381","page","type-page","status-publish","hentry"],"yoast_head":"<!-- This site is optimized with the Yoast SEO plugin v27.5 - https:\/\/yoast.com\/product\/yoast-seo-wordpress\/ -->\n<title>Inscripci\u00f3 Premi\u00e0 de Mar - Grup Autoescoles<\/title>\n<meta name=\"description\" content=\"Inscriu-te a la nostra autoescola de Premi\u00e0 de Mar i comen\u00e7a el teu cam\u00ed cap a la llic\u00e8ncia de conduir. Descobreix els nostres cursos i packs.\" \/>\n<meta name=\"robots\" content=\"index, follow, max-snippet:-1, max-image-preview:large, max-video-preview:-1\" \/>\n<link rel=\"canonical\" href=\"https:\/\/autoescoles.grupintec.com\/ca\/inscripcio-premia-de-mar\/\" \/>\n<meta property=\"og:locale\" content=\"ca_ES\" \/>\n<meta property=\"og:type\" content=\"article\" \/>\n<meta property=\"og:title\" content=\"Inscripci\u00f3 Premi\u00e0 de Mar - Grup Autoescoles\" \/>\n<meta property=\"og:description\" content=\"Inscriu-te a la nostra autoescola de Premi\u00e0 de Mar i comen\u00e7a el teu cam\u00ed cap a la llic\u00e8ncia de conduir. Descobreix els nostres cursos i packs.\" \/>\n<meta property=\"og:url\" content=\"https:\/\/autoescoles.grupintec.com\/ca\/inscripcio-premia-de-mar\/\" \/>\n<meta property=\"og:site_name\" content=\"Grup Autoescoles\" \/>\n<meta property=\"article:modified_time\" content=\"2023-08-08T09:11:55+00:00\" \/>\n<meta name=\"twitter:card\" content=\"summary_large_image\" \/>\n<meta name=\"twitter:label1\" content=\"Temps estimat de lectura\" \/>\n\t<meta name=\"twitter:data1\" content=\"12 minuts\" \/>\n<script type=\"application\/ld+json\" class=\"yoast-schema-graph\">{\"@context\":\"https:\\\/\\\/schema.org\",\"@graph\":[{\"@type\":\"WebPage\",\"@id\":\"https:\\\/\\\/autoescoles.grupintec.com\\\/ca\\\/inscripcio-premia-de-mar\\\/\",\"url\":\"https:\\\/\\\/autoescoles.grupintec.com\\\/ca\\\/inscripcio-premia-de-mar\\\/\",\"name\":\"Inscripci\u00f3 Premi\u00e0 de Mar - Grup Autoescoles\",\"isPartOf\":{\"@id\":\"https:\\\/\\\/autoescoles.grupintec.com\\\/ca\\\/#website\"},\"datePublished\":\"2023-07-05T07:17:20+00:00\",\"dateModified\":\"2023-08-08T09:11:55+00:00\",\"description\":\"Inscriu-te a la nostra autoescola de Premi\u00e0 de Mar i comen\u00e7a el teu cam\u00ed cap a la llic\u00e8ncia de conduir. Descobreix els nostres cursos i packs.\",\"breadcrumb\":{\"@id\":\"https:\\\/\\\/autoescoles.grupintec.com\\\/ca\\\/inscripcio-premia-de-mar\\\/#breadcrumb\"},\"inLanguage\":\"ca\",\"potentialAction\":[{\"@type\":\"ReadAction\",\"target\":[\"https:\\\/\\\/autoescoles.grupintec.com\\\/ca\\\/inscripcio-premia-de-mar\\\/\"]}]},{\"@type\":\"BreadcrumbList\",\"@id\":\"https:\\\/\\\/autoescoles.grupintec.com\\\/ca\\\/inscripcio-premia-de-mar\\\/#breadcrumb\",\"itemListElement\":[{\"@type\":\"ListItem\",\"position\":1,\"name\":\"Home\",\"item\":\"https:\\\/\\\/autoescoles.grupintec.com\\\/ca\\\/home\\\/\"},{\"@type\":\"ListItem\",\"position\":2,\"name\":\"Inscripci\u00f3 Premi\u00e0 de Mar\"}]},{\"@type\":\"WebSite\",\"@id\":\"https:\\\/\\\/autoescoles.grupintec.com\\\/ca\\\/#website\",\"url\":\"https:\\\/\\\/autoescoles.grupintec.com\\\/ca\\\/\",\"name\":\"Grup Autoescoles\",\"description\":\"\",\"potentialAction\":[{\"@type\":\"SearchAction\",\"target\":{\"@type\":\"EntryPoint\",\"urlTemplate\":\"https:\\\/\\\/autoescoles.grupintec.com\\\/ca\\\/?s={search_term_string}\"},\"query-input\":{\"@type\":\"PropertyValueSpecification\",\"valueRequired\":true,\"valueName\":\"search_term_string\"}}],\"inLanguage\":\"ca\"}]}<\/script>\n<!-- \/ Yoast SEO plugin. -->","yoast_head_json":{"title":"Inscripci\u00f3 Premi\u00e0 de Mar - Grup Autoescoles","description":"Inscriu-te a la nostra autoescola de Premi\u00e0 de Mar i comen\u00e7a el teu cam\u00ed cap a la llic\u00e8ncia de conduir. Descobreix els nostres cursos i packs.","robots":{"index":"index","follow":"follow","max-snippet":"max-snippet:-1","max-image-preview":"max-image-preview:large","max-video-preview":"max-video-preview:-1"},"canonical":"https:\/\/autoescoles.grupintec.com\/ca\/inscripcio-premia-de-mar\/","og_locale":"ca_ES","og_type":"article","og_title":"Inscripci\u00f3 Premi\u00e0 de Mar - Grup Autoescoles","og_description":"Inscriu-te a la nostra autoescola de Premi\u00e0 de Mar i comen\u00e7a el teu cam\u00ed cap a la llic\u00e8ncia de conduir. Descobreix els nostres cursos i packs.","og_url":"https:\/\/autoescoles.grupintec.com\/ca\/inscripcio-premia-de-mar\/","og_site_name":"Grup Autoescoles","article_modified_time":"2023-08-08T09:11:55+00:00","twitter_card":"summary_large_image","twitter_misc":{"Temps estimat de lectura":"12 minuts"},"schema":{"@context":"https:\/\/schema.org","@graph":[{"@type":"WebPage","@id":"https:\/\/autoescoles.grupintec.com\/ca\/inscripcio-premia-de-mar\/","url":"https:\/\/autoescoles.grupintec.com\/ca\/inscripcio-premia-de-mar\/","name":"Inscripci\u00f3 Premi\u00e0 de Mar - Grup Autoescoles","isPartOf":{"@id":"https:\/\/autoescoles.grupintec.com\/ca\/#website"},"datePublished":"2023-07-05T07:17:20+00:00","dateModified":"2023-08-08T09:11:55+00:00","description":"Inscriu-te a la nostra autoescola de Premi\u00e0 de Mar i comen\u00e7a el teu cam\u00ed cap a la llic\u00e8ncia de conduir. Descobreix els nostres cursos i packs.","breadcrumb":{"@id":"https:\/\/autoescoles.grupintec.com\/ca\/inscripcio-premia-de-mar\/#breadcrumb"},"inLanguage":"ca","potentialAction":[{"@type":"ReadAction","target":["https:\/\/autoescoles.grupintec.com\/ca\/inscripcio-premia-de-mar\/"]}]},{"@type":"BreadcrumbList","@id":"https:\/\/autoescoles.grupintec.com\/ca\/inscripcio-premia-de-mar\/#breadcrumb","itemListElement":[{"@type":"ListItem","position":1,"name":"Home","item":"https:\/\/autoescoles.grupintec.com\/ca\/home\/"},{"@type":"ListItem","position":2,"name":"Inscripci\u00f3 Premi\u00e0 de Mar"}]},{"@type":"WebSite","@id":"https:\/\/autoescoles.grupintec.com\/ca\/#website","url":"https:\/\/autoescoles.grupintec.com\/ca\/","name":"Grup Autoescoles","description":"","potentialAction":[{"@type":"SearchAction","target":{"@type":"EntryPoint","urlTemplate":"https:\/\/autoescoles.grupintec.com\/ca\/?s={search_term_string}"},"query-input":{"@type":"PropertyValueSpecification","valueRequired":true,"valueName":"search_term_string"}}],"inLanguage":"ca"}]}},"_links":{"self":[{"href":"https:\/\/autoescoles.grupintec.com\/ca\/wp-json\/wp\/v2\/pages\/1381","targetHints":{"allow":["GET"]}}],"collection":[{"href":"https:\/\/autoescoles.grupintec.com\/ca\/wp-json\/wp\/v2\/pages"}],"about":[{"href":"https:\/\/autoescoles.grupintec.com\/ca\/wp-json\/wp\/v2\/types\/page"}],"author":[{"embeddable":true,"href":"https:\/\/autoescoles.grupintec.com\/ca\/wp-json\/wp\/v2\/users\/1"}],"replies":[{"embeddable":true,"href":"https:\/\/autoescoles.grupintec.com\/ca\/wp-json\/wp\/v2\/comments?post=1381"}],"version-history":[{"count":2,"href":"https:\/\/autoescoles.grupintec.com\/ca\/wp-json\/wp\/v2\/pages\/1381\/revisions"}],"predecessor-version":[{"id":1383,"href":"https:\/\/autoescoles.grupintec.com\/ca\/wp-json\/wp\/v2\/pages\/1381\/revisions\/1383"}],"wp:attachment":[{"href":"https:\/\/autoescoles.grupintec.com\/ca\/wp-json\/wp\/v2\/media?parent=1381"}],"curies":[{"name":"wp","href":"https:\/\/api.w.org\/{rel}","templated":true}]}}