{"id":1403,"date":"2023-05-03T13:58:08","date_gmt":"2023-05-03T13:58:08","guid":{"rendered":"https:\/\/autoescoles.grupintec.com\/avis-legal\/"},"modified":"2023-05-03T13:58:08","modified_gmt":"2023-05-03T13:58:08","slug":"avis-legal","status":"publish","type":"page","link":"https:\/\/autoescoles.grupintec.com\/ca\/avis-legal\/","title":{"rendered":"Av\u00eds legal"},"content":{"rendered":"<h1 style=\"text-align: center;\">Av\u00eds legal<\/h1>\n<p>En virtut de la Llei 15\/1999, de 13 de desembre, sobre la protecci\u00f3 de dades de car\u00e0cter personal, us fem coneixedor que les vostres dades personals que poden estar en aquesta comunicaci\u00f3, estan incorporades en un fitxer automatitzat responsabilitat de la mercantil<strong> CENTRES D&#8217;ENSENYANCES DEL MARESME S.L,<\/strong> amb Nom Comercial: <strong>INTEC, N<\/strong>IF: B61530378, Amb data 19 de febrer de 1998, n\u00fam. protocol: 518, inscrita al Registre Civil de Barcelona, tom 30979, foli 208, full n\u00fam. B-182.111, inscripci\u00f3 1a. Domicili: C\/ RIERA DE LA TARGA 53 &#8211; 08339 &#8211; VILASSAR DE DALT &#8211; BARCELONA, La finalitat d&#8217;aquest fitxer \u00e9s gestionar el servei sol\u00b7licitat.<\/p>\n<p>L&#8217;usuari garanteix l&#8217;autenticitat de totes aquelles dades que comuniqui a trav\u00e9s de grupintec.com i mantindr\u00e0 actualitzada la informaci\u00f3 que faciliti a<strong> CENTRES D&#8217;ENSENYANCES DEL MARESME S.L,<\/strong> de manera que respongui en tot moment a la seva situaci\u00f3 real, sent l&#8217;\u00fanic responsable de les manifestacions falses o inexactes que realitzi, aix\u00ed com dels perjudicis que causi per aix\u00f2 a <strong>CENTRES D&#8217;ENSENYANCES DEL MARESME S.L,<\/strong> o a tercers.<\/p>\n<p><strong>CENTRES D&#8217;ENSENYANCES DEL MARESME S.L,<\/strong>no puede asumir ninguna responsabilidad derivada del uso incorrecto, inapropiado o il\u00edcito de la informaci\u00f3n aparecida en las p\u00e1ginas de Internet de CENTRES <strong>D&#8217;ENSENYANCES DEL MARESME S.L,<\/strong><\/p>\n<p>Amb els l\u00edmits establerts a la llei, <strong>CENTRES D&#8217;ENSENYANCES DEL MARESME S.L<\/strong>, no assumeix cap responsabilitat derivada de la manca de veracitat, integritat, actualitzaci\u00f3 i precisi\u00f3 de les dades o informacions que es contenen a les seves p\u00e0gines d&#8217;Internet. Els continguts i la informaci\u00f3 de les p\u00e0gines d&#8217;Internet de <strong>CENTRES D&#8217;ENSENYANCES DEL MARESME S.L,<\/strong> estan elaborats per professionals degudament qualificats per a l&#8217;exercici de la seva professi\u00f3. Tanmateix, els continguts i la informaci\u00f3 no vinculen a la susdita, ni constitueixen opinions, consells o assessorament legal de cap mena, ja que es tracta merament d&#8217;un servei ofert amb car\u00e0cter informatiu i divulgatiu.<\/p>\n<p>Les p\u00e0gines d&#8217;Internet de <strong>CENTRES D&#8217;ENSENYANCES DEL MARESME S.L<\/strong> poden contenir enlla\u00e7os (links) a altres p\u00e0gines de tercers. Per tant, aquesta no podr\u00e0 assumir responsabilitats pel contingut que pugui apar\u00e8ixer a p\u00e0gines de tercers. Els textos, imatges, sons, animacions, programari i la resta de continguts inclosos en aquest website s\u00f3n propietat exclusiva de <strong>CENTRES D&#8217;ENSENYANCES DEL MARESME S.L,<\/strong> o els seus llicenciants. Qualsevol acte de transmissi\u00f3, distribuci\u00f3, cessi\u00f3, reproducci\u00f3, emmagatzematge o comunicaci\u00f3 p\u00fablica total o parcial, ha de comptar amb el consentiment expr\u00e9s <strong>d&#8217;INSTITUT T\u00c8CNIC DE FORMACI\u00d3 VIAL DE CATALUNYA<\/strong><\/p>\n<p>Aix\u00ed mateix, per accedir als serveis que <strong>CENTRES D&#8217;ENSENYANCES DEL MARESME S.L,<\/strong> ofereix a trav\u00e9s del website, haur\u00e0 de proporcionar algunes dades de car\u00e0cter personal. En compliment del que estableix la LOPD 15\/1999, de 13 de desembre, us informem que les vostres dades personals quedaran incorporades i seran tractades als fitxers de <strong>CENTRES D&#8217;ENSENYANCES DEL MARESME S.L,<\/strong> per tal de poder-vos prestar i oferir els nostres serveis. Aix\u00ed mateix, us informem de la possibilitat d&#8217;exercir els drets d&#8217;acc\u00e9s, rectificaci\u00f3, cancel\u00b7laci\u00f3 i oposici\u00f3 enviant un correu electr\u00f2nic a info@grupintec.com<\/p>\n<p><strong>PROPIETAT INTEL\u00b7LECTUAL<\/strong><br \/>\nEls continguts subministrats per INSTITUT T\u00c8CNIC DE FORMACI\u00d3 VIAL DE CATALUNYA estan subjectes als drets de propietat intel\u00b7lectual i industrial i s\u00f3n titularitat exclusiva de <strong>CENTRES D&#8217;ENSENYANCES DEL MARESME S.L,<\/strong> o de les persones f\u00edsiques o jur\u00eddiques que s&#8217;informi. Mitjan\u00e7ant l&#8217;adquisici\u00f3 d&#8217;un producte o servei, <strong>CENTRES D&#8217;ENSENYANCES DEL MARESME S.L,<\/strong> no confereix a l&#8217;adquirent cap dret d&#8217;alteraci\u00f3, explotaci\u00f3, reproducci\u00f3, distribuci\u00f3 o comunicaci\u00f3 p\u00fablica sobre aquest, reservant-se <strong>CENTRES D&#8217;ENSENYANCES DEL MARESME S.L,<\/strong> tots aquests drets . La cessi\u00f3 dels drets esmentats precisar\u00e0 el previ consentiment per escrit per part del titular dels mateixos, de manera que el client no podr\u00e0 posar a disposici\u00f3 de terceres persones aquests continguts.<\/p>\n<p>La propietat intel\u00b7lectual s&#8217;est\u00e9n, a m\u00e9s a m\u00e9s del contingut incl\u00f2s a CENTRES <strong>D&#8217;ENSENYANCES DEL MARESME S.L<\/strong>,<strong>,<\/strong> als seus gr\u00e0fics, logotips, dissenys, imatges i codis font utilitzats per a la seva programaci\u00f3.<\/p>\n<p><strong>CENTRES D&#8217;ENSENYANCES DEL MARESME S.L,<\/strong> ha obtingut la informaci\u00f3 i els materials inclosos a la web de fonts considerades com a fiables i, si b\u00e9 s&#8217;han pres mesures raonables per assegurar-se que la informaci\u00f3 continguda sigui la correcta,<strong> CENTRES D&#8217;ENSENYANCES DEL MARESME S.L, <\/strong>no pot garantir que en tot moment i circumst\u00e0ncia aquesta informaci\u00f3 sigui exacta, completa, actualitzada i, conseg\u00fcentment, no s&#8217;hi ha de confiar com si ho fos. <strong>CENTRES D&#8217;ENSENYANCES DEL MARESME S.L,<\/strong> declina expressament qualsevol responsabilitat per error o omissi\u00f3 a la Informaci\u00f3 continguda a les p\u00e0gines d&#8217;aquesta web.<\/p>\n<p><strong>CENTRES D&#8217;ENSENYANCES DEL MARESME S.L,<\/strong> es reserva la facultat de modificar, suspendre, cancel\u00b7lar o restringir el contingut de la web, els vincles o la informaci\u00f3 obtinguda a trav\u00e9s d&#8217;aquesta, sense necessitat de previ av\u00eds. Aquesta, en cap cas, assumeix cap responsabilitat com a conseq\u00fc\u00e8ncia de la incorrecta utilitzaci\u00f3 de la web que pugui dur a terme l&#8217;usuari, tant de la informaci\u00f3 com dels serveis continguts.<\/p>\n<p>En ning\u00fan caso <strong>CENTRES D&#8217;ENSENYANCES DEL MARESME S.L<\/strong><strong>,<\/strong> els seus sucursals i\/o centres de treball, els seus directors i\/o apoderats, empleats i, en general, el personal autoritzat seran responsables de qualsevol tipus de perjudici, p\u00e8rdues, reclamacions o despeses de cap tipus, tant si escau, directament o indirectament, de l&#8217;\u00fas i\/o difusi\u00f3 del web o de la informaci\u00f3 adquirida o accedida per oa trav\u00e9s d&#8217;aquesta, o dels seus virus inform\u00e0tics, d&#8217;errors operatius o d&#8217;interrupcions en el servei o transmissi\u00f3 o d&#8217;errors en la l\u00ednia en l&#8217;\u00fas de la web web, tant per connexi\u00f3 directa com per vincle o altre mitj\u00e0, constituint a tots els efectes legals un av\u00eds a qualsevol usuari que aquestes possibilitats i esdeveniments poden oc\u00f3rrer.<\/p>\n<p><strong>CENTRES D&#8217;ENSENYANCES DEL MARESME S.L,<\/strong> no es fa responsable de les webs no pr\u00f2pies a qu\u00e8 es pugui accedir mitjan\u00e7ant vincles o enlla\u00e7os (\u00ablinks\u00bb) o de qualsevol contingut posat a disposici\u00f3 de tercers. Qualsevol \u00fas d&#8217;un enlla\u00e7 o acc\u00e9s a una web no pr\u00f2pia ser\u00e0 realitzat per voluntat i risc i ventura exclusiva de l&#8217;usuari. <strong>CENTRES D&#8217;ENSENYANCES DEL MARESME S.L,<\/strong> no recomana ni garanteix cap de la\/les Informaci\u00f3\/\u00e9s obtinguda\/des per o mitjan\u00e7ant un enlla\u00e7, ni es responsabilitza de cap p\u00e8rdua, reclamaci\u00f3 o perjudici derivat de l&#8217;\u00fas o mal \u00fas d&#8217;un enlla\u00e7, o de la Informaci\u00f3 obtinguda a trav\u00e9s de ell, incloent altres enlla\u00e7os o webs, de la interrupci\u00f3 en el servei o en l&#8217;acc\u00e9s, o de l&#8217;intent d&#8217;usar o usar malament un enlla\u00e7, tant en connectar a la web de <strong>CENTRES D&#8217;ENSENYANCES DEL MARESME S.L,<\/strong> como al acceder a la informaci\u00f3n de otras webs desde la misma.<\/p>\n<p>En algunes ocasions, aquesta web utilitza \u00abCookies\u00bb, \u00e9s a dir, petits fitxers de dades que es generen a l&#8217;ordinador de l&#8217;usuari i que permeten obtenir la seg\u00fcent informaci\u00f3: 1) Data i hora de la darrera vegada que l&#8217;usuari va visitar la web; 2) Disseny i continguts que l&#8217;usuari va escollir en la primera visita a la web; 3) Elements de seguretat que intervenen en el control d&#8217;acc\u00e9s a les \u00e0rees restringides i 4) Altres circumst\u00e0ncies an\u00e0logues. L&#8217;usuari t\u00e9 l&#8217;opci\u00f3 d&#8217;impedir la generaci\u00f3 de cookies, mitjan\u00e7ant la selecci\u00f3 de la corresponent opci\u00f3 al vostre navegador. Tot i aix\u00f2, <strong>CENTRES D&#8217;ENSENYANCES DEL MARESME S.L,<\/strong> no es responsabilitza que la desactivaci\u00f3 de les mateixes impedeixi el bon funcionament de la p\u00e0gina web.<\/p>\n<p><strong>PROPIETAT INDUSTRIAL I INTEL\u00b7LECTUAL<\/strong><br \/>\nAquesta web \u00e9s propietat de <strong>CENTRES D&#8217;ENSENYANCES DEL MARESME S.L,<\/strong> Els drets de propietat intel\u00b7lectual i drets d&#8217;explotaci\u00f3 i reproducci\u00f3 d&#8217;aquesta web, de les seves p\u00e0gines, pantalles, la informaci\u00f3 que contenen, la seva aparen\u00e7a i disseny, aix\u00ed com els enlla\u00e7os (hiperlinks) que s&#8217;estableixin des d&#8217;ella a altres p\u00e0gines web de qualsevol societat filial i\/o dominada de <strong>CENTRES D&#8217;ENSENYANCES DEL MARESME S.L,<\/strong> s\u00f3n propietat exclusiva d&#8217;aquesta, llevat que s&#8217;especifiqui expressament una altra cosa. Qualsevol denominaci\u00f3, disseny i\/o logotip, aix\u00ed com qualsevol producte o servei oferts i reflectits en aquesta p\u00e0gina web, s\u00f3n marques degudament registrades per <strong>CENTRES D&#8217;ENSENYANCES DEL MARESME S.L,<\/strong> per les seves societats filials i\/o dominades o per tercers. Qualsevol \u00fas indegut de les mateixes per persones diferents del seu leg\u00edtim titular i sense el consentiment expr\u00e9s i inequ\u00edvoc per part d&#8217;aquest podr\u00e0 ser denunciat i perseguit a trav\u00e9s de tots els mitjans legals existents a l&#8217;Ordenament Jur\u00eddic espanyol i\/o comunitari.<\/p>\n<p>Els drets de propietat intel\u00b7lectual i marxes de tercers estan destacats convenientment i han de ser respectats per tot aquell que accedeixi a aquesta p\u00e0gina, no sent responsabilitat de <strong>CENTRES D&#8217;ENSENYANCES DEL MARESME S.L,<\/strong> l&#8217;\u00fas que l&#8217;usuari pugui dur a terme, recaient la responsabilitat exclusiva en la seva persona.<\/p>\n<p>Nom\u00e9s per a \u00fas personal i privat es permet descarregar-ne els continguts, copiar o imprimir qualsevol p\u00e0gina d&#8217;aquesta web. Queda prohibit reproduir, transmetre, modificar o suprimir la informaci\u00f3, contingut o advertiments d&#8217;aquest web sense la pr\u00e8via autoritzaci\u00f3 per escrit de <strong>CENTRES D&#8217;ENSENYANCES DEL MARESME S.L,<\/strong><\/p>\n<p><strong>LLEI APLICABLE I JURISDICCI\u00d3<\/strong><br \/>\nLes presents condicions generals es regeixen per la Legislaci\u00f3 espanyola, sent competents els Jutjats i Tribunals espanyols per con\u00e8ixer de totes les q\u00fcestions que se suscitin sobre la interpretaci\u00f3, aplicaci\u00f3 i compliment de les mateixes. L&#8217;usuari, per virtut de la seva acceptaci\u00f3 a les condicions generals recollides en aquest av\u00eds legal, renuncia expressament a qualsevol fur que, per aplicaci\u00f3 de la Llei d&#8217;Enjudiciament Civil vigent, li pugui correspondre.<\/p>\n","protected":false},"excerpt":{"rendered":"<p>Av\u00eds legal En virtut de la Llei 15\/1999, de 13 de desembre, sobre la protecci\u00f3 de dades de car\u00e0cter personal, us fem coneixedor que les vostres dades personals que poden estar en aquesta comunicaci\u00f3, estan incorporades en un fitxer automatitzat responsabilitat de la mercantil CENTRES D&#8217;ENSENYANCES DEL MARESME S.L, amb Nom Comercial: INTEC, NIF: B61530378, [&hellip;]<\/p>\n","protected":false},"author":1,"featured_media":0,"parent":0,"menu_order":0,"comment_status":"closed","ping_status":"closed","template":"","meta":{"footnotes":""},"class_list":["post-1403","page","type-page","status-publish","hentry"],"yoast_head":"<!-- This site is optimized with the Yoast SEO plugin v27.6 - https:\/\/yoast.com\/product\/yoast-seo-wordpress\/ -->\n<title>Av\u00eds legal - Grup Autoescoles<\/title>\n<meta name=\"robots\" content=\"index, follow, max-snippet:-1, max-image-preview:large, max-video-preview:-1\" \/>\n<link rel=\"canonical\" href=\"https:\/\/autoescoles.grupintec.com\/ca\/avis-legal\/\" \/>\n<meta property=\"og:locale\" content=\"ca_ES\" \/>\n<meta property=\"og:type\" content=\"article\" \/>\n<meta property=\"og:title\" content=\"Av\u00eds legal - Grup Autoescoles\" \/>\n<meta property=\"og:description\" content=\"Av\u00eds legal En virtut de la Llei 15\/1999, de 13 de desembre, sobre la protecci\u00f3 de dades de car\u00e0cter personal, us fem coneixedor que les vostres dades personals que poden estar en aquesta comunicaci\u00f3, estan incorporades en un fitxer automatitzat responsabilitat de la mercantil CENTRES D&#8217;ENSENYANCES DEL MARESME S.L, amb Nom Comercial: INTEC, NIF: B61530378, [&hellip;]\" \/>\n<meta property=\"og:url\" content=\"https:\/\/autoescoles.grupintec.com\/ca\/avis-legal\/\" \/>\n<meta property=\"og:site_name\" content=\"Grup Autoescoles\" \/>\n<meta name=\"twitter:card\" content=\"summary_large_image\" \/>\n<meta name=\"twitter:label1\" content=\"Temps estimat de lectura\" \/>\n\t<meta name=\"twitter:data1\" content=\"8 minuts\" \/>\n<script type=\"application\/ld+json\" class=\"yoast-schema-graph\">{\"@context\":\"https:\\\/\\\/schema.org\",\"@graph\":[{\"@type\":\"WebPage\",\"@id\":\"https:\\\/\\\/autoescoles.grupintec.com\\\/ca\\\/avis-legal\\\/\",\"url\":\"https:\\\/\\\/autoescoles.grupintec.com\\\/ca\\\/avis-legal\\\/\",\"name\":\"Av\u00eds legal - Grup Autoescoles\",\"isPartOf\":{\"@id\":\"https:\\\/\\\/autoescoles.grupintec.com\\\/ca\\\/#website\"},\"datePublished\":\"2023-05-03T13:58:08+00:00\",\"breadcrumb\":{\"@id\":\"https:\\\/\\\/autoescoles.grupintec.com\\\/ca\\\/avis-legal\\\/#breadcrumb\"},\"inLanguage\":\"ca\",\"potentialAction\":[{\"@type\":\"ReadAction\",\"target\":[\"https:\\\/\\\/autoescoles.grupintec.com\\\/ca\\\/avis-legal\\\/\"]}]},{\"@type\":\"BreadcrumbList\",\"@id\":\"https:\\\/\\\/autoescoles.grupintec.com\\\/ca\\\/avis-legal\\\/#breadcrumb\",\"itemListElement\":[{\"@type\":\"ListItem\",\"position\":1,\"name\":\"Home\",\"item\":\"https:\\\/\\\/autoescoles.grupintec.com\\\/ca\\\/home\\\/\"},{\"@type\":\"ListItem\",\"position\":2,\"name\":\"Av\u00eds legal\"}]},{\"@type\":\"WebSite\",\"@id\":\"https:\\\/\\\/autoescoles.grupintec.com\\\/ca\\\/#website\",\"url\":\"https:\\\/\\\/autoescoles.grupintec.com\\\/ca\\\/\",\"name\":\"Grup Autoescoles\",\"description\":\"\",\"potentialAction\":[{\"@type\":\"SearchAction\",\"target\":{\"@type\":\"EntryPoint\",\"urlTemplate\":\"https:\\\/\\\/autoescoles.grupintec.com\\\/ca\\\/?s={search_term_string}\"},\"query-input\":{\"@type\":\"PropertyValueSpecification\",\"valueRequired\":true,\"valueName\":\"search_term_string\"}}],\"inLanguage\":\"ca\"}]}<\/script>\n<!-- \/ Yoast SEO plugin. -->","yoast_head_json":{"title":"Av\u00eds legal - Grup Autoescoles","robots":{"index":"index","follow":"follow","max-snippet":"max-snippet:-1","max-image-preview":"max-image-preview:large","max-video-preview":"max-video-preview:-1"},"canonical":"https:\/\/autoescoles.grupintec.com\/ca\/avis-legal\/","og_locale":"ca_ES","og_type":"article","og_title":"Av\u00eds legal - Grup Autoescoles","og_description":"Av\u00eds legal En virtut de la Llei 15\/1999, de 13 de desembre, sobre la protecci\u00f3 de dades de car\u00e0cter personal, us fem coneixedor que les vostres dades personals que poden estar en aquesta comunicaci\u00f3, estan incorporades en un fitxer automatitzat responsabilitat de la mercantil CENTRES D&#8217;ENSENYANCES DEL MARESME S.L, amb Nom Comercial: INTEC, NIF: B61530378, [&hellip;]","og_url":"https:\/\/autoescoles.grupintec.com\/ca\/avis-legal\/","og_site_name":"Grup Autoescoles","twitter_card":"summary_large_image","twitter_misc":{"Temps estimat de lectura":"8 minuts"},"schema":{"@context":"https:\/\/schema.org","@graph":[{"@type":"WebPage","@id":"https:\/\/autoescoles.grupintec.com\/ca\/avis-legal\/","url":"https:\/\/autoescoles.grupintec.com\/ca\/avis-legal\/","name":"Av\u00eds legal - Grup Autoescoles","isPartOf":{"@id":"https:\/\/autoescoles.grupintec.com\/ca\/#website"},"datePublished":"2023-05-03T13:58:08+00:00","breadcrumb":{"@id":"https:\/\/autoescoles.grupintec.com\/ca\/avis-legal\/#breadcrumb"},"inLanguage":"ca","potentialAction":[{"@type":"ReadAction","target":["https:\/\/autoescoles.grupintec.com\/ca\/avis-legal\/"]}]},{"@type":"BreadcrumbList","@id":"https:\/\/autoescoles.grupintec.com\/ca\/avis-legal\/#breadcrumb","itemListElement":[{"@type":"ListItem","position":1,"name":"Home","item":"https:\/\/autoescoles.grupintec.com\/ca\/home\/"},{"@type":"ListItem","position":2,"name":"Av\u00eds legal"}]},{"@type":"WebSite","@id":"https:\/\/autoescoles.grupintec.com\/ca\/#website","url":"https:\/\/autoescoles.grupintec.com\/ca\/","name":"Grup Autoescoles","description":"","potentialAction":[{"@type":"SearchAction","target":{"@type":"EntryPoint","urlTemplate":"https:\/\/autoescoles.grupintec.com\/ca\/?s={search_term_string}"},"query-input":{"@type":"PropertyValueSpecification","valueRequired":true,"valueName":"search_term_string"}}],"inLanguage":"ca"}]}},"_links":{"self":[{"href":"https:\/\/autoescoles.grupintec.com\/ca\/wp-json\/wp\/v2\/pages\/1403","targetHints":{"allow":["GET"]}}],"collection":[{"href":"https:\/\/autoescoles.grupintec.com\/ca\/wp-json\/wp\/v2\/pages"}],"about":[{"href":"https:\/\/autoescoles.grupintec.com\/ca\/wp-json\/wp\/v2\/types\/page"}],"author":[{"embeddable":true,"href":"https:\/\/autoescoles.grupintec.com\/ca\/wp-json\/wp\/v2\/users\/1"}],"replies":[{"embeddable":true,"href":"https:\/\/autoescoles.grupintec.com\/ca\/wp-json\/wp\/v2\/comments?post=1403"}],"version-history":[{"count":0,"href":"https:\/\/autoescoles.grupintec.com\/ca\/wp-json\/wp\/v2\/pages\/1403\/revisions"}],"wp:attachment":[{"href":"https:\/\/autoescoles.grupintec.com\/ca\/wp-json\/wp\/v2\/media?parent=1403"}],"curies":[{"name":"wp","href":"https:\/\/api.w.org\/{rel}","templated":true}]}}